{"id":117,"date":"2026-03-23T13:02:16","date_gmt":"2026-03-23T12:02:16","guid":{"rendered":"https:\/\/calypsoclub.be\/?page_id=117"},"modified":"2026-03-23T14:36:40","modified_gmt":"2026-03-23T13:36:40","slug":"interaction-poissons-la-communication-gestuelle","status":"publish","type":"page","link":"https:\/\/calypsoclub.be\/index.php\/interaction-poissons-la-communication-gestuelle\/","title":{"rendered":"Interactions poissons &#8211; la communication gestuelle"},"content":{"rendered":"\n<p class=\"wp-block-paragraph\"><strong><em>Interactions poissons &#8211; la Communication Gestuelle<\/em><br><\/strong><\/p>\n\n\n\n<div class=\"wp-block-columns is-layout-flex wp-container-core-columns-is-layout-8f761849 wp-block-columns-is-layout-flex\">\n<div class=\"wp-block-column is-layout-flow wp-block-column-is-layout-flow\">\n<p class=\"wp-block-paragraph\"><strong>Contenu <\/strong>du module d&rsquo;Analyse de Communication Gestuelle<\/p>\n\n\n\n<ul class=\"wp-block-list\">\n<li>Module th\u00e9orique (biologie comportementale)<\/li>\n\n\n\n<li>Atelier en bassin exp\u00e9rimental<\/li>\n\n\n\n<li>Deux plong\u00e9es d\u2019observation<\/li>\n\n\n\n<li>Protocole de gestes codifi\u00e9s<\/li>\n<\/ul>\n\n\n\n<p class=\"wp-block-paragraph\"><strong>Public :<\/strong> plongeurs 1* min<br><strong>Dates :<\/strong> chaque lundi d\u00e8s fin avril 2026 (hors vacances scolaires)<br><strong>Inscription :<\/strong> sur le site du CESAPT \u2013 Universit\u00e9 de Li\u00e8ge (ci-dessous)<br><strong>Places limit\u00e9es \u00e0\u00a0:<\/strong> 12 participants<br><strong>NB\u00a0:<\/strong> les participants doivent poss\u00e9der leur \u00e9quipement de plong\u00e9e<\/p>\n\n\n\n<p class=\"wp-block-paragraph\"><strong>Bassin exp\u00e9rimental<\/strong><\/p>\n\n\n\n<figure class=\"wp-block-image size-full\"><img decoding=\"async\" width=\"546\" height=\"304\" src=\"https:\/\/calypsoclub.be\/wp-content\/uploads\/2026\/03\/image-4.png\" alt=\"\" class=\"wp-image-119\" srcset=\"https:\/\/calypsoclub.be\/wp-content\/uploads\/2026\/03\/image-4-199x111.png 199w, https:\/\/calypsoclub.be\/wp-content\/uploads\/2026\/03\/image-4-300x167.png 300w, https:\/\/calypsoclub.be\/wp-content\/uploads\/2026\/03\/image-4-399x222.png 399w, https:\/\/calypsoclub.be\/wp-content\/uploads\/2026\/03\/image-4.png 546w\" sizes=\"(max-width: 546px) 100vw, 546px\" \/><\/figure>\n\n\n\n<p class=\"wp-block-paragraph\">Observation comportementale en bassin contr\u00f4l\u00e9 \u2013 CESAPT, f\u00e9vrier 2026.<\/p>\n\n\n\n<p class=\"wp-block-paragraph\"><strong>Interaction gestuelle<\/strong><\/p>\n\n\n\n<figure class=\"wp-block-image size-full\"><img decoding=\"async\" width=\"546\" height=\"302\" src=\"https:\/\/calypsoclub.be\/wp-content\/uploads\/2026\/03\/image-11.png\" alt=\"\" class=\"wp-image-126\" srcset=\"https:\/\/calypsoclub.be\/wp-content\/uploads\/2026\/03\/image-11-199x110.png 199w, https:\/\/calypsoclub.be\/wp-content\/uploads\/2026\/03\/image-11-300x166.png 300w, https:\/\/calypsoclub.be\/wp-content\/uploads\/2026\/03\/image-11-400x221.png 400w, https:\/\/calypsoclub.be\/wp-content\/uploads\/2026\/03\/image-11.png 546w\" sizes=\"(max-width: 546px) 100vw, 546px\" \/><\/figure>\n\n\n\n<p class=\"wp-block-paragraph\">R\u00e9ponse d\u2019approche \u00e0 un stimulus gestuel standardis\u00e9.<\/p>\n<\/div>\n\n\n\n<div class=\"wp-block-column is-layout-flow wp-block-column-is-layout-flow\">\n<p class=\"wp-block-paragraph\"><\/p>\n\n\n\n<p class=\"wp-block-paragraph\"><strong>Briefing avant plong\u00e9e d\u2019observation<\/strong><\/p>\n\n\n\n<figure class=\"wp-block-image size-full\"><img decoding=\"async\" width=\"546\" height=\"327\" src=\"https:\/\/calypsoclub.be\/wp-content\/uploads\/2026\/03\/image-8.png\" alt=\"\" class=\"wp-image-123\" srcset=\"https:\/\/calypsoclub.be\/wp-content\/uploads\/2026\/03\/image-8-199x119.png 199w, https:\/\/calypsoclub.be\/wp-content\/uploads\/2026\/03\/image-8-300x180.png 300w, https:\/\/calypsoclub.be\/wp-content\/uploads\/2026\/03\/image-8-399x239.png 399w, https:\/\/calypsoclub.be\/wp-content\/uploads\/2026\/03\/image-8.png 546w\" sizes=\"(max-width: 546px) 100vw, 546px\" \/><\/figure>\n\n\n\n<p class=\"wp-block-paragraph\">Briefing avant plong\u00e9e d\u2019observation<\/p>\n\n\n\n<p class=\"wp-block-paragraph\"><strong>Analyse en laboratoire<\/strong><\/p>\n\n\n\n<figure class=\"wp-block-image size-full\"><img decoding=\"async\" width=\"546\" height=\"298\" src=\"https:\/\/calypsoclub.be\/wp-content\/uploads\/2026\/03\/image-9.png\" alt=\"\" class=\"wp-image-124\" srcset=\"https:\/\/calypsoclub.be\/wp-content\/uploads\/2026\/03\/image-9-200x109.png 200w, https:\/\/calypsoclub.be\/wp-content\/uploads\/2026\/03\/image-9-300x164.png 300w, https:\/\/calypsoclub.be\/wp-content\/uploads\/2026\/03\/image-9-399x218.png 399w, https:\/\/calypsoclub.be\/wp-content\/uploads\/2026\/03\/image-9.png 546w\" sizes=\"(max-width: 546px) 100vw, 546px\" \/><\/figure>\n\n\n\n<p class=\"wp-block-paragraph\">Analyse comportementale post\u2011plong\u00e9e \u2013 Unit\u00e9 de Biologie Marine de l\u2019universit\u00e9 de Li\u00e8ge.<\/p>\n\n\n\n<p class=\"wp-block-paragraph\"><strong>B\u00e2timent du CESAPT<\/strong><\/p>\n\n\n\n<figure class=\"wp-block-image size-full\"><img decoding=\"async\" width=\"546\" height=\"329\" src=\"https:\/\/calypsoclub.be\/wp-content\/uploads\/2026\/03\/image-10.png\" alt=\"\" class=\"wp-image-125\" srcset=\"https:\/\/calypsoclub.be\/wp-content\/uploads\/2026\/03\/image-10-199x120.png 199w, https:\/\/calypsoclub.be\/wp-content\/uploads\/2026\/03\/image-10-300x181.png 300w, https:\/\/calypsoclub.be\/wp-content\/uploads\/2026\/03\/image-10-400x241.png 400w, https:\/\/calypsoclub.be\/wp-content\/uploads\/2026\/03\/image-10.png 546w\" sizes=\"(max-width: 546px) 100vw, 546px\" \/><\/figure>\n\n\n\n<p class=\"wp-block-paragraph\">Entr\u00e9e du CESAPT &#8211; Plate Taille.<\/p>\n<\/div>\n<\/div>\n\n\n\n<p class=\"wp-block-paragraph\">Pour participer, inscrivez-vous <a href=\"https:\/\/calypsoclub.be\/index.php\/poisson\/\" type=\"link\" id=\"https:\/\/calypsoclub.be\/index.php\/poisson\/\" target=\"_blank\" rel=\"noreferrer noopener\"><strong>ici<\/strong><\/a><\/p>\n\n\n\n<p class=\"wp-block-paragraph\"><\/p>\n","protected":false},"excerpt":{"rendered":"<p>Interactions poissons &#8211; la Communication Gestuelle Contenu du module d&rsquo;Analyse  [&#8230;]<\/p>\n","protected":false},"author":1,"featured_media":0,"parent":0,"menu_order":0,"comment_status":"closed","ping_status":"closed","template":"","meta":{"_bbp_topic_count":0,"_bbp_reply_count":0,"_bbp_total_topic_count":0,"_bbp_total_reply_count":0,"_bbp_voice_count":0,"_bbp_anonymous_reply_count":0,"_bbp_topic_count_hidden":0,"_bbp_reply_count_hidden":0,"_bbp_forum_subforum_count":0,"_crdt_document":"","_price":"","_stock":"","_tribe_ticket_header":"","_tribe_default_ticket_provider":"","_tribe_ticket_capacity":"0","_ticket_start_date":"","_ticket_end_date":"","_tribe_ticket_show_description":"","_tribe_ticket_show_not_going":false,"_tribe_ticket_use_global_stock":"","_tribe_ticket_global_stock_level":"","_global_stock_mode":"","_global_stock_cap":"","_tribe_rsvp_for_event":"","_tribe_ticket_going_count":"","_tribe_ticket_not_going_count":"","_tribe_tickets_list":"[]","_tribe_ticket_has_attendee_info_fields":false,"footnotes":"","_tec_slr_enabled":"","_tec_slr_layout":""},"class_list":["post-117","page","type-page","status-publish","hentry"],"yoast_head":"<!-- This site is optimized with the Yoast SEO plugin v27.5 - https:\/\/yoast.com\/product\/yoast-seo-wordpress\/ -->\n<title>Interactions poissons - la communication gestuelle - CESAPT<\/title>\n<meta name=\"robots\" content=\"index, follow, max-snippet:-1, max-image-preview:large, max-video-preview:-1\" \/>\n<link rel=\"canonical\" href=\"https:\/\/calypsoclub.be\/index.php\/interaction-poissons-la-communication-gestuelle\/\" \/>\n<meta property=\"og:locale\" content=\"fr_FR\" \/>\n<meta property=\"og:type\" content=\"article\" \/>\n<meta property=\"og:title\" content=\"Interactions poissons - la communication gestuelle - CESAPT\" \/>\n<meta property=\"og:description\" content=\"Interactions poissons &#8211; la Communication Gestuelle Contenu du module d&rsquo;Analyse [...]\" \/>\n<meta property=\"og:url\" content=\"https:\/\/calypsoclub.be\/index.php\/interaction-poissons-la-communication-gestuelle\/\" \/>\n<meta property=\"og:site_name\" content=\"CESAPT\" \/>\n<meta property=\"article:modified_time\" content=\"2026-03-23T13:36:40+00:00\" \/>\n<meta property=\"og:image\" content=\"https:\/\/calypsoclub.be\/wp-content\/uploads\/2026\/03\/image-4.png\" \/>\n\t<meta property=\"og:image:width\" content=\"546\" \/>\n\t<meta property=\"og:image:height\" content=\"304\" \/>\n\t<meta property=\"og:image:type\" content=\"image\/png\" \/>\n<meta name=\"twitter:card\" content=\"summary_large_image\" \/>\n<meta name=\"twitter:label1\" content=\"Dur\u00e9e de lecture estim\u00e9e\" \/>\n\t<meta name=\"twitter:data1\" content=\"1 minute\" \/>\n<script type=\"application\/ld+json\" class=\"yoast-schema-graph\">{\"@context\":\"https:\\\/\\\/schema.org\",\"@graph\":[{\"@type\":\"WebPage\",\"@id\":\"https:\\\/\\\/calypsoclub.be\\\/index.php\\\/interaction-poissons-la-communication-gestuelle\\\/\",\"url\":\"https:\\\/\\\/calypsoclub.be\\\/index.php\\\/interaction-poissons-la-communication-gestuelle\\\/\",\"name\":\"Interactions poissons - la communication gestuelle - CESAPT\",\"isPartOf\":{\"@id\":\"https:\\\/\\\/calypsoclub.be\\\/#website\"},\"primaryImageOfPage\":{\"@id\":\"https:\\\/\\\/calypsoclub.be\\\/index.php\\\/interaction-poissons-la-communication-gestuelle\\\/#primaryimage\"},\"image\":{\"@id\":\"https:\\\/\\\/calypsoclub.be\\\/index.php\\\/interaction-poissons-la-communication-gestuelle\\\/#primaryimage\"},\"thumbnailUrl\":\"https:\\\/\\\/calypsoclub.be\\\/wp-content\\\/uploads\\\/2026\\\/03\\\/image-4.png\",\"datePublished\":\"2026-03-23T12:02:16+00:00\",\"dateModified\":\"2026-03-23T13:36:40+00:00\",\"breadcrumb\":{\"@id\":\"https:\\\/\\\/calypsoclub.be\\\/index.php\\\/interaction-poissons-la-communication-gestuelle\\\/#breadcrumb\"},\"inLanguage\":\"fr-FR\",\"potentialAction\":[{\"@type\":\"ReadAction\",\"target\":[\"https:\\\/\\\/calypsoclub.be\\\/index.php\\\/interaction-poissons-la-communication-gestuelle\\\/\"]}]},{\"@type\":\"ImageObject\",\"inLanguage\":\"fr-FR\",\"@id\":\"https:\\\/\\\/calypsoclub.be\\\/index.php\\\/interaction-poissons-la-communication-gestuelle\\\/#primaryimage\",\"url\":\"https:\\\/\\\/calypsoclub.be\\\/wp-content\\\/uploads\\\/2026\\\/03\\\/image-4.png\",\"contentUrl\":\"https:\\\/\\\/calypsoclub.be\\\/wp-content\\\/uploads\\\/2026\\\/03\\\/image-4.png\",\"width\":546,\"height\":304},{\"@type\":\"BreadcrumbList\",\"@id\":\"https:\\\/\\\/calypsoclub.be\\\/index.php\\\/interaction-poissons-la-communication-gestuelle\\\/#breadcrumb\",\"itemListElement\":[{\"@type\":\"ListItem\",\"position\":1,\"name\":\"Home\",\"item\":\"https:\\\/\\\/calypsoclub.be\\\/\"},{\"@type\":\"ListItem\",\"position\":2,\"name\":\"Interactions poissons &#8211; la communication gestuelle\"}]},{\"@type\":\"WebSite\",\"@id\":\"https:\\\/\\\/calypsoclub.be\\\/#website\",\"url\":\"https:\\\/\\\/calypsoclub.be\\\/\",\"name\":\"CESAPT\",\"description\":\"Centre d\u2019\u00c9tudes Subaquatiques Appliqu\u00e9es de la Plate Taille\",\"potentialAction\":[{\"@type\":\"SearchAction\",\"target\":{\"@type\":\"EntryPoint\",\"urlTemplate\":\"https:\\\/\\\/calypsoclub.be\\\/?s={search_term_string}\"},\"query-input\":{\"@type\":\"PropertyValueSpecification\",\"valueRequired\":true,\"valueName\":\"search_term_string\"}}],\"inLanguage\":\"fr-FR\"}]}<\/script>\n<!-- \/ Yoast SEO plugin. -->","yoast_head_json":{"title":"Interactions poissons - la communication gestuelle - CESAPT","robots":{"index":"index","follow":"follow","max-snippet":"max-snippet:-1","max-image-preview":"max-image-preview:large","max-video-preview":"max-video-preview:-1"},"canonical":"https:\/\/calypsoclub.be\/index.php\/interaction-poissons-la-communication-gestuelle\/","og_locale":"fr_FR","og_type":"article","og_title":"Interactions poissons - la communication gestuelle - CESAPT","og_description":"Interactions poissons &#8211; la Communication Gestuelle Contenu du module d&rsquo;Analyse [...]","og_url":"https:\/\/calypsoclub.be\/index.php\/interaction-poissons-la-communication-gestuelle\/","og_site_name":"CESAPT","article_modified_time":"2026-03-23T13:36:40+00:00","og_image":[{"width":546,"height":304,"url":"https:\/\/calypsoclub.be\/wp-content\/uploads\/2026\/03\/image-4.png","type":"image\/png"}],"twitter_card":"summary_large_image","twitter_misc":{"Dur\u00e9e de lecture estim\u00e9e":"1 minute"},"schema":{"@context":"https:\/\/schema.org","@graph":[{"@type":"WebPage","@id":"https:\/\/calypsoclub.be\/index.php\/interaction-poissons-la-communication-gestuelle\/","url":"https:\/\/calypsoclub.be\/index.php\/interaction-poissons-la-communication-gestuelle\/","name":"Interactions poissons - la communication gestuelle - CESAPT","isPartOf":{"@id":"https:\/\/calypsoclub.be\/#website"},"primaryImageOfPage":{"@id":"https:\/\/calypsoclub.be\/index.php\/interaction-poissons-la-communication-gestuelle\/#primaryimage"},"image":{"@id":"https:\/\/calypsoclub.be\/index.php\/interaction-poissons-la-communication-gestuelle\/#primaryimage"},"thumbnailUrl":"https:\/\/calypsoclub.be\/wp-content\/uploads\/2026\/03\/image-4.png","datePublished":"2026-03-23T12:02:16+00:00","dateModified":"2026-03-23T13:36:40+00:00","breadcrumb":{"@id":"https:\/\/calypsoclub.be\/index.php\/interaction-poissons-la-communication-gestuelle\/#breadcrumb"},"inLanguage":"fr-FR","potentialAction":[{"@type":"ReadAction","target":["https:\/\/calypsoclub.be\/index.php\/interaction-poissons-la-communication-gestuelle\/"]}]},{"@type":"ImageObject","inLanguage":"fr-FR","@id":"https:\/\/calypsoclub.be\/index.php\/interaction-poissons-la-communication-gestuelle\/#primaryimage","url":"https:\/\/calypsoclub.be\/wp-content\/uploads\/2026\/03\/image-4.png","contentUrl":"https:\/\/calypsoclub.be\/wp-content\/uploads\/2026\/03\/image-4.png","width":546,"height":304},{"@type":"BreadcrumbList","@id":"https:\/\/calypsoclub.be\/index.php\/interaction-poissons-la-communication-gestuelle\/#breadcrumb","itemListElement":[{"@type":"ListItem","position":1,"name":"Home","item":"https:\/\/calypsoclub.be\/"},{"@type":"ListItem","position":2,"name":"Interactions poissons &#8211; la communication gestuelle"}]},{"@type":"WebSite","@id":"https:\/\/calypsoclub.be\/#website","url":"https:\/\/calypsoclub.be\/","name":"CESAPT","description":"Centre d\u2019\u00c9tudes Subaquatiques Appliqu\u00e9es de la Plate Taille","potentialAction":[{"@type":"SearchAction","target":{"@type":"EntryPoint","urlTemplate":"https:\/\/calypsoclub.be\/?s={search_term_string}"},"query-input":{"@type":"PropertyValueSpecification","valueRequired":true,"valueName":"search_term_string"}}],"inLanguage":"fr-FR"}]}},"ticketed":false,"_links":{"self":[{"href":"https:\/\/calypsoclub.be\/index.php\/wp-json\/wp\/v2\/pages\/117","targetHints":{"allow":["GET"]}}],"collection":[{"href":"https:\/\/calypsoclub.be\/index.php\/wp-json\/wp\/v2\/pages"}],"about":[{"href":"https:\/\/calypsoclub.be\/index.php\/wp-json\/wp\/v2\/types\/page"}],"author":[{"embeddable":true,"href":"https:\/\/calypsoclub.be\/index.php\/wp-json\/wp\/v2\/users\/1"}],"replies":[{"embeddable":true,"href":"https:\/\/calypsoclub.be\/index.php\/wp-json\/wp\/v2\/comments?post=117"}],"version-history":[{"count":4,"href":"https:\/\/calypsoclub.be\/index.php\/wp-json\/wp\/v2\/pages\/117\/revisions"}],"predecessor-version":[{"id":141,"href":"https:\/\/calypsoclub.be\/index.php\/wp-json\/wp\/v2\/pages\/117\/revisions\/141"}],"wp:attachment":[{"href":"https:\/\/calypsoclub.be\/index.php\/wp-json\/wp\/v2\/media?parent=117"}],"curies":[{"name":"wp","href":"https:\/\/api.w.org\/{rel}","templated":true}]}}